{"id":337,"date":"2019-01-28T16:52:50","date_gmt":"2019-01-28T16:52:50","guid":{"rendered":"http:\/\/10.44.205.4\/wp\/adi\/site-28jan19-1852\/?page_id=3"},"modified":"2026-04-10T16:08:25","modified_gmt":"2026-04-10T16:08:25","slug":"privacy-policy","status":"publish","type":"page","link":"https:\/\/autoseguropm.cl\/index.php\/privacy-policy\/","title":{"rendered":"Privacy Policy"},"content":{"rendered":"<div data-colibri-id=\"337-c1\" class=\"style-640 style-local-337-c1 position-relative\">\n  <!---->\n  <div data-colibri-component=\"section\" data-colibri-id=\"337-c2\" id=\"initial-content\" class=\"h-section h-section-global-spacing d-flex align-items-lg-center align-items-md-center align-items-center style-641 style-local-337-c2 position-relative\">\n    <!---->\n    <!---->\n    <div class=\"h-section-grid-container h-section-boxed-container\">\n      <!---->\n      <div data-colibri-id=\"337-c3\" class=\"h-row-container gutters-row-lg-2 gutters-row-md-2 gutters-row-0 gutters-row-v-lg-2 gutters-row-v-md-2 gutters-row-v-2 style-642 style-local-337-c3 position-relative\">\n        <!---->\n        <div class=\"h-row justify-content-lg-center justify-content-md-center justify-content-center align-items-lg-stretch align-items-md-stretch align-items-stretch gutters-col-lg-2 gutters-col-md-2 gutters-col-0 gutters-col-v-lg-2 gutters-col-v-md-2 gutters-col-v-2\">\n          <!---->\n          <div class=\"h-column h-column-container d-flex h-col-lg-auto h-col-md-auto h-col-auto style-643-outer style-local-337-c4-outer\">\n            <div data-colibri-id=\"337-c4\" class=\"d-flex h-flex-basis h-column__inner h-px-lg-2 h-px-md-2 h-px-2 v-inner-lg-2 v-inner-md-2 v-inner-2 style-643 style-local-337-c4 position-relative\">\n              <!---->\n              <!---->\n              <div class=\"w-100 h-y-container h-column__content h-column__v-align flex-basis-100 align-self-lg-start align-self-md-start align-self-start\">\n                <!---->\n                <div data-colibri-id=\"337-c6\" class=\"h-text h-text-component style-645 style-local-337-c6 position-relative h-element\">\n                  <!---->\n                  <!---->\n                  <div class=\"\">\n                    <p>Una de las prioridades de URKAN SPA es respetar la privacidad de sus usuarios y procurar mantener segura la informaci\u00f3n y los datos personales que la Empresa recolecta a ra\u00edz de su utilizaci\u00f3n del Sistema. Por la presente, la Empresa\n                      informa al usuario qu\u00e9 tipo de informaci\u00f3n recolecta, c\u00f3mo la almacena, cu\u00e1l es la finalidad de su archivo, c\u00f3mo la protege, cu\u00e1l es el alcance de su compromiso de confidencialidad y cu\u00e1les son los derechos del Usuario como titular\n                      de la Informaci\u00f3n<\/p>\n                    <h2>\u00bfQu\u00e9 tipo de informaci\u00f3n recolecta la Empresa?<\/h2>\n                    <p>A fin que el Usuario pueda utilizar el Sistema, la Empresa necesita conocer la siguiente informaci\u00f3n:<\/p>\n                    <ol>\n                      <li>Nombres, apellidos, direcci\u00f3n de e-mail del Usuario son necesarios para que \u00e9ste pueda registrarse en el Sitio y abrir su cuenta gps.<\/li>\n                      <li>Su tel\u00e9fono m\u00f3vil para recuperaci\u00f3n de claves de acceso y comunicaci\u00f3n en caso de ser necesario.<\/li>\n                    <\/ol>\n                    <p>La informaci\u00f3n precedente deber\u00e1 ser veraz y completa en todo momento. El Usuario responder\u00e1 en cualquier caso por la veracidad de la informaci\u00f3n proporcionada y en ning\u00fan caso la Empresa ser\u00e1 responsable por ello. La Empresa se reserva\n                      el derecho de restringir el acceso al Sistema a todo Usuario que haya proporcionado datos falsos, sin perjuicio de las dem\u00e1s acciones que procedan conforme a derecho<\/p>\n                    <p>Asimismo, al procesar cada transacci\u00f3n, la Empresa registra informaci\u00f3n sobre las operaciones que realiza el usuario y su dispositivo GPS, esta \u00faltima es almacenada por un periodo de 60 d\u00edas corridos, luego de este lapso los registros\n                      anteriores son borrados permanentemente.<\/p>\n                    <p>La Empresa tambi\u00e9n genera y sistematiza informaci\u00f3n mediante encuestas a los usuarios con la finalidad de obtener datos demogr\u00e1ficos, as\u00ed como otra informaci\u00f3n estad\u00edstica para hacer m\u00e1s eficiente su servicio y mejorar la experiencia\n                      del usuario, permitiendo identificarlo.<\/p>\n                    <p>La Empresa podr\u00e1 usar informaci\u00f3n de IP (protocolo de Internet) para analizar tendencias, administrar el Sitio y recolectar informaci\u00f3n demogr\u00e1fica. Dichas direcciones de IP no ser\u00e1n utilizadas por la Empresa para la identificaci\u00f3n\n                      de usuarios, con excepci\u00f3n de los casos en que se investiguen posibles actividades fraudulentas.<\/p>\n                    <p>Finalmente, la Empresa podr\u00e1 requerir del usuario informaci\u00f3n adicional vinculada a la optimizaci\u00f3n de los servicios ofrecidos por el Sitio.<\/p>\n                    <h2>\u00bfC\u00f3mo almacena la Empresa la Informaci\u00f3n?<\/h2>\n                    <p>Cuando el Usuario ingresa sus datos personales al servidor de la Empresa, \u00e9stos son transformados en c\u00f3digos que viajan en forma encriptada desde su computadora al servidor de la Empresa. Una vez recibidos los datos que la Empresa\n                      necesita conocer, los mismos son decodificados y procesados, con la excepci\u00f3n de las medidas de seguridad (incluida la clave personal) que permanecen constantemente encriptadas en la base de datos.<\/p>\n                    <p>La Empresa usa la Informaci\u00f3n obtenida para procurar un servicio eficiente y proveer una mejor atenci\u00f3n al Usuario. La Empresa no vender\u00e1, ceder\u00e1 ni transferir\u00e1 a cualquier t\u00edtulo la Informaci\u00f3n. La Empresa usar\u00e1 informaci\u00f3n del Usuario\n                      para resolver disputas, problemas y para hacer valer los t\u00e9rminos y condiciones. En ciertas circunstancias, La Empresa podr\u00e1 revisar la informaci\u00f3n del Usuario para identificar problemas o resolver disputas.<\/p>\n                    <h2>\u00bfC\u00f3mo protege la Empresa a la Informaci\u00f3n?<\/h2>\n                    <p>La Empresa incorporar\u00e1 mecanismos de protecci\u00f3n de la Informaci\u00f3n, a fin de evitar razonablemente desviaciones y su adulteraci\u00f3n, p\u00e9rdida, consulta o tratamiento no autorizado.<\/p>\n                    <p>La Empresa trabaja con SSL 128 bits, la m\u00e1s alta encriptaci\u00f3n comercialmente disponible, para que la informaci\u00f3n no pueda ser le\u00edda mientras viaja a trav\u00e9s de Internet. Sin embargo, la Empresa no puede garantizar la seguridad o confidencialidad\n                      absoluta de la Informaci\u00f3n, dado que Internet es una red electr\u00f3nica abierta.<\/p>\n                    <p>Adem\u00e1s, cada usuario crea un registro protegido por un nombre de usuario y una clave personal de acceso. Cuando es usada en combinaci\u00f3n con el nombre de Usuario, permite al Usuario acceder a su informaci\u00f3n personal y a su cuenta aquiestoy.cl.<\/p>\n                    <p>La Empresa permite a sus empleados el acceso a la Informaci\u00f3n para procesar pedidos de atenci\u00f3n al cliente o para control de fraude. Sin perjuicio de ello, datos necesarios para realizar operaciones, como la clave personal del Usuario,\n                      no se encuentran a disposici\u00f3n de ning\u00fan empleado, ejecutivo o asesor de la Empresa, dado que los mismos son autom\u00e1ticamente encriptados por la base de datos de la Empresa al ser ingresados.<\/p>\n                    <h2>Compromiso de confidencialidad<\/h2>\n                    <p>La Empresa no revelar\u00e1 la Informaci\u00f3n a terceros salvo cuando:<\/p>\n                    <ol>\n                      <li>El usuario titular de la cuenta lo autorice expresamente.<\/li>\n                      <li>Sea requerido por ley, decreto o resoluci\u00f3n administrativa.<\/li>\n                      <li>Sea en cumplimiento de una resoluci\u00f3n judicial.<\/li>\n                    <\/ol>\n                    <p>Se utilice el Sitio para desarrollar actividades ilegales, o causar da\u00f1os o perjuicios a la Empresa o a sus bienes, a otros usuarios o a terceros y la difusi\u00f3n de la Informaci\u00f3n sirva para identificar, localizar o llevar a cabo acciones\n                      legales contra quienes realicen tales actividades o causen tales da\u00f1os o perjuicios<\/p>\n                    <h2>Derechos del Titular de la Informaci\u00f3n<\/h2>\n                    <p>En su car\u00e1cter de titular de la Informaci\u00f3n, el usuario tendr\u00e1 derecho a acceder a sus datos personales incluidos en la base de datos de la Empresa, ingresando su nombre de usuario\/correo electr\u00f3nico y su clave personal y a rectificar\/actualizar\n                      dicha Informaci\u00f3n.<\/p>\n                    <h2>Cookies<\/h2>\n                    <p>Si dejas un comentario en nuestro sitio puedes elegir guardar tu nombre, direcci\u00f3n de correo electr\u00f3nico y web en cookies. Esto es para tu comodidad, para que no tengas que volver a rellenar tus datos cuando dejes otro comentario.\n                      Estas cookies tendr\u00e1n una duraci\u00f3n de un a\u00f1o.<\/p>\n                    <p>Si tienes una cuenta y te conectas a este sitio, instalaremos una cookie temporal para determinar si tu navegador acepta cookies. Esta cookie no contiene datos personales y se elimina al cerrar el navegador.<\/p>\n                    <p>Cuando accedas, tambi\u00e9n instalaremos varias cookies para guardar tu informaci\u00f3n de acceso y tus opciones de visualizaci\u00f3n de pantalla. Las cookies de acceso duran dos d\u00edas, y las cookies de opciones de pantalla duran un a\u00f1o. Si seleccionas\n                      \u00abRecu\u00e9rdarme\u00bb, tu acceso perdurar\u00e1 durante dos semanas. Si sales de tu cuenta, las cookies de acceso se eliminar\u00e1n.<\/p>\n                    <p>Si editas o publicas un art\u00edculo se guardar\u00e1 una cookie adicional en tu navegador. Esta cookie no incluye datos personales y simplemente indica el ID del art\u00edculo que acabas de editar. Caduca despu\u00e9s de 1 d\u00eda.<\/p>\n                    <h2>Modificaciones en la Pol\u00edtica de Privacidad<\/h2>\n                    <p>La Empresa se reserva el derecho de efectuar, en cualquier momento, modificaciones en la presente Pol\u00edtica de Privacidad, y adaptarla a novedades legislativas, jurisprudenciales, as\u00ed como a pr\u00e1cticas del mercado. Queda bajo responsabilidad\n                      del usuario controlar peri\u00f3dicamente la misma para estar al tanto de las posibles modificaciones. La Empresa anunciar\u00e1 por este medio cualquier cambio a ser introducido, con razonable antelaci\u00f3n a su puesta en pr\u00e1ctica. Una vez introducida\n                      en el sitio, la modificaci\u00f3n entrar\u00e1 autom\u00e1ticamente en vigencia.<\/p>\n                    <h2>Contacto con los Usuarios<\/h2>\n                    <p>La Empresa podr\u00e1 contactar a aquellos usuarios que expresamente lo autoricen, para ofrecerles ciertos servicios que considere de inter\u00e9s para ellos.<\/p>\n                    <h2>Consultas<\/h2>\n                    <p>Para cualquier consulta o pregunta sobre esta Pol\u00edtica de Privacidad, por favor env\u00edanos un e-mail a contacto@autoseguropm.cl<\/p>\n                    <p>Nuestra empresa se toma muy en serio la privacidad de los datos. Protegemos la informaci\u00f3n de nuestros clientes a trav\u00e9s de las siguientes medidas:<\/p>\n                    <p>Acceso Restringido: Solo personal t\u00e9cnico autorizado tiene acceso a datos de contacto y detalles del veh\u00edculo para realizar el servicio.<\/p>\n                    <p>Almacenamiento Seguro: No almacenamos bases de datos con c\u00f3digos de corte o de inmovilizadores de forma permanente. Una vez finalizado el servicio t\u00e9cnico de programaci\u00f3n, la informaci\u00f3n sensible se elimina de los dispositivos de escaneo.<\/p>\n                    <p>Protocolos de Verificaci\u00f3n: Antes de realizar cualquier servicio de instalacion gps, alarma o duplicado de llaves, verificamos la identidad del propietario para asegurar que el servicio sea leg\u00edtimo.<\/p>\n                    <p>No Comercializaci\u00f3n: No vendemos ni compartimos informaci\u00f3n de nuestros clientes con terceros para fines publicitarios.<\/p>\n                    <p>Seguridad Digital: Si el cliente nos contacta v\u00eda web o WhatsApp, mantenemos las conversaciones bajo los protocolos de cifrado de dichas plataformas<\/p>\n                    <p>\n                      <br>\n                    <\/p>\n                    <p>\n                      <br>\n                    <\/p>\n                  <\/div>\n                <\/div>\n              <\/div>\n            <\/div>\n          <\/div>\n        <\/div>\n      <\/div>\n    <\/div>\n  <\/div>\n<\/div>","protected":false},"excerpt":{"rendered":"<p>Una de las prioridades de URKAN SPA es respetar la privacidad de sus usuarios y procurar mantener segura la informaci\u00f3n y los datos personales que la Empresa recolecta a ra\u00edz de su utilizaci\u00f3n del Sistema. Por la presente, la Empresa informa al usuario qu\u00e9 tipo de informaci\u00f3n recolecta, c\u00f3mo la almacena, cu\u00e1l es la finalidad [&hellip;]<\/p>\n","protected":false},"author":1,"featured_media":0,"parent":0,"menu_order":0,"comment_status":"closed","ping_status":"open","template":"page-templates\/full-width-page.php","meta":{"footnotes":""},"class_list":["post-337","page","type-page","status-publish","hentry"],"_links":{"self":[{"href":"https:\/\/autoseguropm.cl\/index.php\/wp-json\/wp\/v2\/pages\/337","targetHints":{"allow":["GET"]}}],"collection":[{"href":"https:\/\/autoseguropm.cl\/index.php\/wp-json\/wp\/v2\/pages"}],"about":[{"href":"https:\/\/autoseguropm.cl\/index.php\/wp-json\/wp\/v2\/types\/page"}],"author":[{"embeddable":true,"href":"https:\/\/autoseguropm.cl\/index.php\/wp-json\/wp\/v2\/users\/1"}],"replies":[{"embeddable":true,"href":"https:\/\/autoseguropm.cl\/index.php\/wp-json\/wp\/v2\/comments?post=337"}],"version-history":[{"count":2,"href":"https:\/\/autoseguropm.cl\/index.php\/wp-json\/wp\/v2\/pages\/337\/revisions"}],"predecessor-version":[{"id":835,"href":"https:\/\/autoseguropm.cl\/index.php\/wp-json\/wp\/v2\/pages\/337\/revisions\/835"}],"wp:attachment":[{"href":"https:\/\/autoseguropm.cl\/index.php\/wp-json\/wp\/v2\/media?parent=337"}],"curies":[{"name":"wp","href":"https:\/\/api.w.org\/{rel}","templated":true}]}}